{"id":4280,"date":"2018-12-02T16:42:30","date_gmt":"2018-12-02T15:42:30","guid":{"rendered":"http:\/\/sip-piia.se\/?page_id=4280"},"modified":"2018-12-04T08:19:17","modified_gmt":"2018-12-04T07:19:17","slug":"4s","status":"publish","type":"page","link":"https:\/\/sip-piia.se\/en\/4s\/","title":{"rendered":"4S"},"content":{"rendered":"<div class=\"wpb-content-wrapper\"><p>[vc_row][vc_column width=&#8221;1\/4&#8243;][vc_column_text]<\/p>\n<h2>4S<\/h2>\n<p>[\/vc_column_text][\/vc_column][vc_column width=&#8221;3\/4&#8243;][vc_column_text]<\/p>\n<h1>4S \u00a0&#8211; Strategies and Standards for Smart Swedish Industry<\/h1>\n<p>[\/vc_column_text][vc_single_image image=&#8221;1721&#8243; img_size=&#8221;full&#8221;][vc_column_text]<strong>Projektet 4S kopplar samman resultat fr\u00e5n svenska utvecklingsprojekt f\u00f6r industrins digitalisering med det standardiseringsarbete som nu p\u00e5g\u00e5r inom de internationella organen ISO och IEC. De svenska innovationsprogrammen PiiA (Processindustriell IT och Automation) och Produktion2030 tillsammans med SIS och SEK \u00e4r huvudparter i projektet. Det \u00f6vergripande m\u00e5let \u00e4r att st\u00e4rka Sveriges internationella position inom omr\u00e5det <em>smart industri<\/em> genom att identifiera och finansiera aktiv medverkan i standardiseringsarbetet. Projektet 4S verkar ocks\u00e5 f\u00f6r att \u00f6ka svenska f\u00f6retagsledningars insikt om standardiseringens betydelse f\u00f6r digital utveckling och konkurrenskraft. F\u00f6r relevanta utvecklingsprojekt finns nu m\u00f6jlighet att s\u00f6ka ekonomiskt st\u00f6d f\u00f6r att svenska forskningsresultat ska ge v\u00e4rdefullt inflytande p\u00e5 det internationella standardiseringsarbetet.<\/strong><\/p>\n<h2><strong>Den fj\u00e4rde industriella revolutionen<\/strong><\/h2>\n<p>En smart uppkopplad industri inneb\u00e4r genomgripande f\u00f6r\u00e4ndringar av de industriella v\u00e4rdesystemen. Datastr\u00f6mmarna blir lika viktiga som fl\u00f6det av fysiska varor och tj\u00e4nster. M\u00e4ngden data som samlas in \u00f6kar och plattformar uppst\u00e5r som f\u00f6r\u00e4dlar och tar fram v\u00e4rdet av data. V\u00e4rdena best\u00e5r i att f\u00f6retagens f\u00f6rs\u00f6rjningskedjor blir effektivare och i att nya kundv\u00e4rden kan l\u00e4ggas till konventionella produkter. Det \u00e4r en utveckling som p\u00e5verkar den industriella logiken och \u00f6ppnar f\u00f6r nya aff\u00e4rsmodeller. Ett nytt paradigm f\u00f6rest\u00e5r d\u00e4r den f\u00f6retagsekonomiska doktrinen visserligen best\u00e5r, men verktygen f\u00f6r dess till\u00e4mpning revolutioneras.<\/p>\n<h2><strong>Smart industri och Referensmodeller<\/strong><\/h2>\n<p>Begreppet smart industri sammanfattar it, industriteknik och m\u00e4nskliga f\u00f6rm\u00e5gor f\u00f6r att utveckla innovationsmetoder, produktionsmetoder och aff\u00e4rer. Referensmodeller som kartor \u00f6ver en smart digitaliserad industri t\u00e4cker ocks\u00e5 in alla dessa aspekter.<\/p>\n<p>Referensmodeller och referensarkitekturer skapar ett enhetligt f\u00f6rh\u00e5llningss\u00e4tt s\u00e5 att alla akt\u00f6rer kan f\u00f6rst\u00e5 varandra. Det \u00e4r grunden till interoperabilitet (strukturer som medger fullst\u00e4ndig anslutbarhet mellan olika system och d\u00e4rmed organisationer) och anledningen till att internationell standardisering lyfts fram som ett kritiskt bidrag till f\u00f6rverkligandet av en smart industri.<\/p>\n<p>Exempel p\u00e5 modeller som f\u00f6ljer dessa riktlinjer \u00e4r den tyska <em>RAMI 4.0<\/em> framtagen inom satsningen <em>Industrie 4.0<\/em> samt NIST-modellen som \u00e4r framtagen av det amerikanska forskningsinstitutet <em>NIST <\/em>(National Institute of Standards and Technology). <em>Industrial Value Chain Initiative<\/em> \u00e4r ett motsvarande japanskt initiativ. Andra exempel finns i Korea och den kinesiska satsning <em>Made in Chine 2025\/Chinese Manufacturing 2025<\/em>.\u00a0 Referensmodellerna och referensarkitekturerna ligger nu till grund f\u00f6r ett internationellt standardiseringsarbete kring smart industri.<\/p>\n<h2><strong><img loading=\"lazy\" decoding=\"async\" class=\"alignleft wp-image-4283 size-large\" src=\"http:\/\/sip-piia.se\/wp-content\/uploads\/2018\/12\/4S-1140x855.png\" alt=\"4S - Strategies and standards for smart Swedish industry\" width=\"1140\" height=\"855\" srcset=\"https:\/\/sip-piia.se\/wp-content\/uploads\/2018\/12\/4S-1140x855.png 1140w, https:\/\/sip-piia.se\/wp-content\/uploads\/2018\/12\/4S-263x197.png 263w, https:\/\/sip-piia.se\/wp-content\/uploads\/2018\/12\/4S-555x416.png 555w, https:\/\/sip-piia.se\/wp-content\/uploads\/2018\/12\/4S-768x576.png 768w, https:\/\/sip-piia.se\/wp-content\/uploads\/2018\/12\/4S.png 1500w\" sizes=\"auto, (max-width: 1140px) 100vw, 1140px\" \/><\/strong><\/h2>\n<p>&nbsp;<\/p>\n<h2><\/h2>\n<h2><\/h2>\n<h2><\/h2>\n<h2><strong>Standardisering<\/strong><\/h2>\n<p>Arbetet med att skapa en industristandard har p\u00e5b\u00f6rjats inom de internationellt erk\u00e4nda standardiseringsorganen <em>ISO <\/em>och <em>IEC<\/em>. Att aktivt delta i standardiseringsaktiviteterna \u00e4r en angel\u00e4gen fr\u00e5ga f\u00f6r svenska teknikleverant\u00f6rer men \u00e4ven f\u00f6r den slutanv\u00e4ndande industrin. Standarder inom industrin \u00e4r ett strategiskt verktyg som skapar h\u00e4vst\u00e5ngseffekter f\u00f6r n\u00e4sta generations teknik.<\/p>\n<p>M\u00f6jlighet att p\u00e5verka arbetet inom ISO och IEC ges via de svenska standardiseringsorganen SIS och SEK. Svensk kompetens och ingenj\u00f6rsf\u00f6rm\u00e5ga \u00e4r i detta sammanhang h\u00f6gt respekterad. I ISO:s nu startade strategiska grupp f\u00f6r <em>smart manufacturing <\/em>deltar Sverige i ledningen f\u00f6r ett antal viktiga standardiseringsomr\u00e5den. \u00c4ven inom liknande arbeten f\u00f6r IEC s\u00e5 deltar Sverige med spetskompetens.<\/p>\n<h2><strong>Projektet 4S<\/strong><\/h2>\n<p>Innovationssystemen har de senaste \u00e5ren med stor kraft drivit p\u00e5 den digitala teknikutvecklingen, men ett fasskifte d\u00e4r industrin kommer i takt med kunskapsuppbyggnad och organisation \u00e4r nu sannolikt. Det senare inneb\u00e4r att det \u00e4r aff\u00e4rsv\u00e4rden som i h\u00f6gre grad kommer att ange riktningen &#8211; utvecklingen blir efterfr\u00e5gedriven men forts\u00e4tter att h\u00e5lla ett h\u00f6gt tempo. Projektet 4S ska garantera att vi med utg\u00e5ngspunkt i svensk forskning och svenska f\u00f6retags konkurrensf\u00f6rm\u00e5ga p\u00e5verkar de p\u00e5g\u00e5ende standardiseringsprocesserna med relevant kunskap i relevanta marknadssystem, det vill s\u00e4ga att vi \u00e4r med och driver arbetet i en f\u00f6r Sverige f\u00f6rdelaktig riktning.<\/p>\n<p>4S \u00e4r ett projekt som finansieras genom regeringens Samverkansprogram f\u00f6r en smart uppkopplad industri (2018). Satsningen genomf\u00f6rs som ett samarbete mellan de strategiska innovationsprogrammen PiiA och Produktion 2030 samt standardiseringsorganen SIS\/ISO och SEK\/IEC..<\/p>\n<p>Projektet kopplar praktiskt samman de strategiska innovationsprogrammens FUI-projekt (Forskning Utveckling Innovation) med ISO:s och IEC:s arbetsgrupper f\u00f6r <em>smart manufacturing. <\/em>Projektet \u00f6ppnar \u00e4ven f\u00f6r en effektiv och direkt kommunikation med svenska leverant\u00f6rer och svensk industri f\u00f6r att f\u00f6rmedla deras intressen. 4S verkar vidare f\u00f6r att \u00f6ka kunskapen i svenska f\u00f6retagsledningar om betydelsen av standardisering f\u00f6r den industridigitala utvecklingen.<\/p>\n<p>Inom 4S finns b\u00e5de programledningarna f\u00f6r PiiA och Produktion 2030 och projektledare inom ISO\/SIS och IEC\/SEK representerade. Du \u00e4r v\u00e4lkommen att medverka i 4S projektet och kommer d\u00e5 att kunna:<\/p>\n<ul>\n<li>Utbyta erfarenheter kring nya m\u00f6jliga resultat kopplade till Smart industri<\/li>\n<li>Bidra till internationella standardiseringsarbeten kopplat till ert\/era projekt<\/li>\n<li>L\u00e4ra mer om det internationella standardiseringsarbetet som p\u00e5g\u00e5r inom Smart industri och kopplingen till ert\/era projekt eller ert f\u00f6retag<\/li>\n<li>Vara med och st\u00e4rka Sveriges internationella position inom omr\u00e5det Smart industri<\/li>\n<\/ul>\n<p><strong>Projektets \u00f6vergripande m\u00e5l \u00e4r att st\u00e4rka Sveriges internationella position inom omr\u00e5det Smart industri.<\/strong><\/p>\n<p>F\u00f6r mer information \u00e4r du v\u00e4lkommen att kontakta:<br \/>\nCharlotta Johnsson<strong><br \/>\n<\/strong>Lunds universitet<br \/>\n<a href=\"mailto:charlotta.johnsson@lth.lu.se\">E-post<\/a>[\/vc_column_text][vc_column_text el_class=&#8221;infobox&#8221;]PIMM \u00e4r ett forskningsprojekt finansierat av Vinnova och det strategiska innovationsprogrammet PiiA. Projektet leds av RISE SICS och \u00f6vriga partners \u00e4r: Boliden, Ericsson, ABB, Volvo Construction Equipment, Wolfit, Lule\u00e5 tekniska universitet och Telia Company.[\/vc_column_text][\/vc_column][\/vc_row]<\/p>\n<\/div>","protected":false},"excerpt":{"rendered":"<p>[vc_row][vc_column width=&#8221;1\/4&#8243;][vc_column_text] 4S [\/vc_column_text][\/vc_column][vc_column width=&#8221;3\/4&#8243;][vc_column_text] 4S \u00a0&#8211; Strategies and Standards for Smart Swedish Industry [\/vc_column_text][vc_single_image image=&#8221;1721&#8243; img_size=&#8221;full&#8221;][vc_column_text]Projektet 4S kopplar samman resultat fr\u00e5n svenska utvecklingsprojekt f\u00f6r industrins digitalisering med det standardiseringsarbete som nu p\u00e5g\u00e5r inom de internationella organen ISO och IEC. De svenska innovationsprogrammen PiiA (Processindustriell IT och Automation) och Produktion2030 tillsammans med SIS och SEK [&hellip;]<\/p>\n","protected":false},"author":10,"featured_media":0,"parent":0,"menu_order":0,"comment_status":"closed","ping_status":"closed","template":"","meta":{"_genesis_hide_title":false,"_genesis_hide_breadcrumbs":false,"_genesis_hide_singular_image":false,"_genesis_hide_footer_widgets":false,"_genesis_custom_body_class":"","_genesis_custom_post_class":"","_genesis_layout":"","footnotes":""},"class_list":{"0":"post-4280","1":"page","2":"type-page","3":"status-publish","5":"entry","6":"has-post-thumbnail"},"_links":{"self":[{"href":"https:\/\/sip-piia.se\/en\/wp-json\/wp\/v2\/pages\/4280","targetHints":{"allow":["GET"]}}],"collection":[{"href":"https:\/\/sip-piia.se\/en\/wp-json\/wp\/v2\/pages"}],"about":[{"href":"https:\/\/sip-piia.se\/en\/wp-json\/wp\/v2\/types\/page"}],"author":[{"embeddable":true,"href":"https:\/\/sip-piia.se\/en\/wp-json\/wp\/v2\/users\/10"}],"replies":[{"embeddable":true,"href":"https:\/\/sip-piia.se\/en\/wp-json\/wp\/v2\/comments?post=4280"}],"version-history":[{"count":7,"href":"https:\/\/sip-piia.se\/en\/wp-json\/wp\/v2\/pages\/4280\/revisions"}],"predecessor-version":[{"id":4294,"href":"https:\/\/sip-piia.se\/en\/wp-json\/wp\/v2\/pages\/4280\/revisions\/4294"}],"wp:attachment":[{"href":"https:\/\/sip-piia.se\/en\/wp-json\/wp\/v2\/media?parent=4280"}],"curies":[{"name":"wp","href":"https:\/\/api.w.org\/{rel}","templated":true}]}}