{"id":228,"date":"2017-03-17T16:59:42","date_gmt":"2017-03-17T15:59:42","guid":{"rendered":"http:\/\/sip-piia.se\/?page_id=228\/"},"modified":"2017-05-24T14:53:13","modified_gmt":"2017-05-24T12:53:13","slug":"piia-innovation-hubs","status":"publish","type":"page","link":"https:\/\/sip-piia.se\/en\/team-piia\/piia-innovation-hubs\/","title":{"rendered":"PiiA Innovation Hubs"},"content":{"rendered":"<div class=\"wpb-content-wrapper\"><p>[vc_row][vc_column width=&#8221;1\/4&#8243;][vc_column_text]<\/p>\n<h2>PiiA Innovation Hubs<\/h2>\n<p>[\/vc_column_text][\/vc_column][vc_column width=&#8221;3\/4&#8243;][vc_column_text]<\/p>\n<h3>The original concept for PiiA grew out of the shared ambition of four similar RDI hubs and knowledge centres who wanted to coordinate their activities and create a national agenda for the field. These founding hubs were the Process IT Innovations operations in Lule\u00e5 and Ume\u00e5, the Process Industrial Centre in Link\u00f6ping and Lund, and Automation Region in M\u00e4lardalen.<\/h3>\n<p>These hubs, and others which have subsequently lent their support to the program including FindIT in Sandviken, provide PiiA with a link to the different Swedish regions. PiiA\u2019s work also benefits from the established networks, relationships with industry, and various resources that these hubs can provide.[\/vc_column_text][\/vc_column][\/vc_row]<\/p>\n<\/div>","protected":false},"excerpt":{"rendered":"<p>[vc_row][vc_column width=&#8221;1\/4&#8243;][vc_column_text] PiiA Innovation Hubs [\/vc_column_text][\/vc_column][vc_column width=&#8221;3\/4&#8243;][vc_column_text] The original concept for PiiA grew out of the shared ambition of four similar RDI hubs and knowledge centres who wanted to coordinate their activities and create a national agenda for the field. These founding hubs were the Process IT Innovations operations in Lule\u00e5 and Ume\u00e5, the Process [&hellip;]<\/p>\n","protected":false},"author":10,"featured_media":0,"parent":183,"menu_order":0,"comment_status":"closed","ping_status":"closed","template":"","meta":{"_genesis_hide_title":false,"_genesis_hide_breadcrumbs":false,"_genesis_hide_singular_image":false,"_genesis_hide_footer_widgets":false,"_genesis_custom_body_class":"","_genesis_custom_post_class":"","_genesis_layout":"","footnotes":""},"class_list":{"0":"post-228","1":"page","2":"type-page","3":"status-publish","5":"entry"},"_links":{"self":[{"href":"https:\/\/sip-piia.se\/en\/wp-json\/wp\/v2\/pages\/228","targetHints":{"allow":["GET"]}}],"collection":[{"href":"https:\/\/sip-piia.se\/en\/wp-json\/wp\/v2\/pages"}],"about":[{"href":"https:\/\/sip-piia.se\/en\/wp-json\/wp\/v2\/types\/page"}],"author":[{"embeddable":true,"href":"https:\/\/sip-piia.se\/en\/wp-json\/wp\/v2\/users\/10"}],"replies":[{"embeddable":true,"href":"https:\/\/sip-piia.se\/en\/wp-json\/wp\/v2\/comments?post=228"}],"version-history":[{"count":2,"href":"https:\/\/sip-piia.se\/en\/wp-json\/wp\/v2\/pages\/228\/revisions"}],"predecessor-version":[{"id":676,"href":"https:\/\/sip-piia.se\/en\/wp-json\/wp\/v2\/pages\/228\/revisions\/676"}],"up":[{"embeddable":true,"href":"https:\/\/sip-piia.se\/en\/wp-json\/wp\/v2\/pages\/183"}],"wp:attachment":[{"href":"https:\/\/sip-piia.se\/en\/wp-json\/wp\/v2\/media?parent=228"}],"curies":[{"name":"wp","href":"https:\/\/api.w.org\/{rel}","templated":true}]}}