{"id":1776,"date":"2017-05-30T14:05:44","date_gmt":"2017-05-30T12:05:44","guid":{"rendered":"http:\/\/sip-piia.se\/?page_id=1776\/"},"modified":"2021-11-05T09:45:42","modified_gmt":"2021-11-05T08:45:42","slug":"summit-2014","status":"publish","type":"page","link":"https:\/\/sip-piia.se\/en\/summit\/summit-2014\/","title":{"rendered":"Summit 2014"},"content":{"rendered":"<div class=\"wpb-content-wrapper\"><p>[vc_row][vc_column width=&#8221;1\/4&#8243;][vc_column_text]<\/p>\n<h2>PiiA Summit 2014<\/h2>\n<p>[\/vc_column_text][\/vc_column][vc_column width=&#8221;3\/4&#8243;][vc_column_text]PiiA Summit was organized on 21-22 October 2014 in V\u00e4ster\u00e5s, Sweden in collaboration with Automation Region and SICS Swedish ICT V\u00e4ster\u00e5s.<\/p>\n<p>Learn more about the conference in this video:<\/p>\n<p><iframe loading=\"lazy\" src=\"http:\/\/www.youtube.com\/embed\/ncSSWWIDgx8\" width=\"560\" height=\"315\" frameborder=\"0\" allowfullscreen=\"allowfullscreen\" data-mce-fragment=\"1\"><\/iframe>[\/vc_column_text][\/vc_column][\/vc_row]<\/p>\n<\/div>","protected":false},"excerpt":{"rendered":"<p>[vc_row][vc_column width=&#8221;1\/4&#8243;][vc_column_text] PiiA Summit 2014 [\/vc_column_text][\/vc_column][vc_column width=&#8221;3\/4&#8243;][vc_column_text]PiiA Summit was organized on 21-22 October 2014 in V\u00e4ster\u00e5s, Sweden in collaboration with Automation Region and SICS Swedish ICT V\u00e4ster\u00e5s. Learn more about the conference in this video: [\/vc_column_text][\/vc_column][\/vc_row]<\/p>\n","protected":false},"author":10,"featured_media":0,"parent":1094,"menu_order":0,"comment_status":"closed","ping_status":"closed","template":"","meta":{"_genesis_hide_title":false,"_genesis_hide_breadcrumbs":false,"_genesis_hide_singular_image":false,"_genesis_hide_footer_widgets":false,"_genesis_custom_body_class":"","_genesis_custom_post_class":"","_genesis_layout":"","footnotes":""},"class_list":{"0":"post-1776","1":"page","2":"type-page","3":"status-publish","5":"entry"},"_links":{"self":[{"href":"https:\/\/sip-piia.se\/en\/wp-json\/wp\/v2\/pages\/1776","targetHints":{"allow":["GET"]}}],"collection":[{"href":"https:\/\/sip-piia.se\/en\/wp-json\/wp\/v2\/pages"}],"about":[{"href":"https:\/\/sip-piia.se\/en\/wp-json\/wp\/v2\/types\/page"}],"author":[{"embeddable":true,"href":"https:\/\/sip-piia.se\/en\/wp-json\/wp\/v2\/users\/10"}],"replies":[{"embeddable":true,"href":"https:\/\/sip-piia.se\/en\/wp-json\/wp\/v2\/comments?post=1776"}],"version-history":[{"count":4,"href":"https:\/\/sip-piia.se\/en\/wp-json\/wp\/v2\/pages\/1776\/revisions"}],"predecessor-version":[{"id":7043,"href":"https:\/\/sip-piia.se\/en\/wp-json\/wp\/v2\/pages\/1776\/revisions\/7043"}],"up":[{"embeddable":true,"href":"https:\/\/sip-piia.se\/en\/wp-json\/wp\/v2\/pages\/1094"}],"wp:attachment":[{"href":"https:\/\/sip-piia.se\/en\/wp-json\/wp\/v2\/media?parent=1776"}],"curies":[{"name":"wp","href":"https:\/\/api.w.org\/{rel}","templated":true}]}}