{"id":175,"date":"2017-03-10T10:17:55","date_gmt":"2017-03-10T09:17:55","guid":{"rendered":"http:\/\/sip-piia.se\/?page_id=175\/"},"modified":"2023-06-07T10:24:02","modified_gmt":"2023-06-07T08:24:02","slug":"about-piia","status":"publish","type":"page","link":"https:\/\/sip-piia.se\/en\/about-piia\/","title":{"rendered":"About PiiA"},"content":{"rendered":"<div class=\"wpb-content-wrapper\"><p>[vc_row][vc_column width=&#8221;1\/4&#8243;][vc_empty_space height=&#8221;1px&#8221;][\/vc_column][vc_column width=&#8221;3\/4&#8243;][vc_column_text]<\/p>\n<h2><strong>Industrin beh\u00f6ver bli smartare, mer resurseffektiv och arbeta med nya metoder och verktyg. Det kr\u00e4ver b\u00e5de ny teknik anpassad efter industrins behov och ny kompetens hos personalen. PiiA finns till f\u00f6r att driva omst\u00e4llningen och som en opartisk instans se till att testa nya metoder f\u00f6r att hitta nya <em>best practice<\/em> n\u00e4r det kommer till digitalisering av industrin.<\/strong><\/h2>\n<p>Sveriges processindustrier utvinner r\u00e5varor och f\u00f6r\u00e4dlar dem till produkter, exempelvis papper, koppartr\u00e5d, st\u00e5lpl\u00e5tar, l\u00e4kemedel, olja och gas. Tillsammans st\u00e5r dessa industrier f\u00f6r n\u00e4stan 50 procent av den svenska nettoexporten och syssels\u00e4tter ca 400.000 personer. PiiA startade som ett initiativ fr\u00e5n bolagen som tillsammans diskuterade behovet av att modernisera industrin f\u00f6r att st\u00e5 sig i den globala konkurrensen, lyckas rekrytera och utveckla r\u00e4tt kompetens och minska sitt klimatavtryck. Bolagen ins\u00e5g behovet av samarbete med varandra och med fler teknikleverant\u00f6rer och forskare.<\/p>\n<p>Initiativet lyckades f\u00e5 finansiering via satsningen p\u00e5 strategiska innovationsprogram under 2013 med uppdrag att st\u00e4rka digitaliseringen av svensk processindustri. PiiA \u00e4r ett av de 17 strategiska innovationsprogrammen som finansieras av Vinnova, Formas och Energimyndigheten. Genom att knyta nya samarbeten mellan industribolag, teknikbolag och forskningspartners utforskas och implementeras nya tekniker, arbetss\u00e4tt och verktyg. Vi ser hur allt fler teknikbolag anpassar sina produkter till industrin och IndTech, industriell teknologi, b\u00f6rjar bli Sveriges nya paradgren. Genom IndTech blir svensk processindustri smartare och mer effektiv, d\u00e4rigenom mer h\u00e5llbar och mindre milj\u00f6f\u00f6rst\u00f6rande. Genom ny teknologi kan fler farliga eller enformiga arbetsuppgifter g\u00f6ras av maskiner. D\u00e4rmed blir arbetsmilj\u00f6n renare och s\u00e4krare, och arbetsuppgifterna mindre enformiga; arbetsplatser som attraherar personal och beh\u00e5ller dem. Vi ser att det kr\u00e4vs andra typer av kompetenser och vidareutbildning f\u00f6r befintlig personal f\u00f6r att l\u00e4ra sig att arbeta p\u00e5 nya s\u00e4tt.<\/p>\n<p>PiiA v\u00e4gleder industrin att hitta nya samarbeten f\u00f6r att testa ny teknik och utveckla sina arbetss\u00e4tt. PiiA arbetar ocks\u00e5 med omv\u00e4rldsspaning och spridning av goda exempel b\u00e5de inom PiiAs portf\u00f6lj och fr\u00e5n de l\u00e4rdomar vi kan dra ifr\u00e5n andra l\u00e4nder och satsningar.<\/p>\n<p>Vi ser m\u00e5nga goda resultat d\u00e4r samarbetet inom PiiA har lett till utvecklande projekt, nya implementationer som gjort industrin s\u00e4krare, smartare, mer resurs- och energieffektiv.<\/p>\n<p>Svensk industri \u00e4r bland de b\u00e4sta i v\u00e4rlden g\u00e4llande h\u00e5llbarhet, arbetsmilj\u00f6 och kvalitet. De utmaningar vi arbetar med inom ramen f\u00f6r Agenda 2030 kr\u00e4ver att vi tar ett krafttag kring p\u00e5verkan p\u00e5 milj\u00f6 och omgivande samh\u00e4lle, h\u00e4r kan svensk industri bidra starkt med erfarenheter och arbetss\u00e4tt.[\/vc_column_text][vc_single_image image=&#8221;1353&#8243; img_size=&#8221;full&#8221;][\/vc_column][\/vc_row][vc_row][vc_column width=&#8221;1\/4&#8243;][vc_column_text]<\/p>\n<h2>Uppdrag<\/h2>\n<p>[\/vc_column_text][\/vc_column][vc_column width=&#8221;3\/4&#8243;][vc_row_inner equal_height=&#8221;yes&#8221; el_class=&#8221;imageblock purple&#8221;][vc_column_inner width=&#8221;1\/2&#8243;][vc_column_text]<\/p>\n<h1>PiiA:s uppdrag<\/h1>\n<p>PiiA arbetar f\u00f6r att den svenska processindustrin ska ha de avancerade IT- och automationsl\u00f6sningar som kr\u00e4vs f\u00f6r att vara konkurrenskraftig.[\/vc_column_text][vc_btn title=&#8221;L\u00e4s mer&#8221; style=&#8221;custom&#8221; custom_background=&#8221;&#8221; custom_text=&#8221;#ffffff&#8221; shape=&#8221;square&#8221; align=&#8221;left&#8221; i_align=&#8221;right&#8221; i_icon_fontawesome=&#8221;fa fa-long-arrow-right&#8221; add_icon=&#8221;true&#8221; link=&#8221;url:http%3A%2F%2Fsip-piia.se%2Fom-piia%2Fpiias-uppdrag%2F|&#8221;][\/vc_column_inner][vc_column_inner width=&#8221;1\/2&#8243;][vc_single_image image=&#8221;1415&#8243; img_size=&#8221;full&#8221; alignment=&#8221;center&#8221;][\/vc_column_inner][\/vc_row_inner][\/vc_column][\/vc_row][vc_row][vc_column width=&#8221;1\/4&#8243;][vc_column_text]<\/p>\n<h2>Analys<\/h2>\n<p>[\/vc_column_text][\/vc_column][vc_column width=&#8221;3\/4&#8243;][vc_row_inner equal_height=&#8221;yes&#8221; el_class=&#8221;imageblock pink&#8221;][vc_column_inner width=&#8221;1\/2&#8243;][vc_single_image image=&#8221;1419&#8243; img_size=&#8221;full&#8221; alignment=&#8221;center&#8221;][\/vc_column_inner][vc_column_inner width=&#8221;1\/2&#8243;][vc_column_text]<\/p>\n<h1>PiiA Insight<\/h1>\n<p>PiiA tillhandah\u00e5ller information om IT- och automationstrender som relaterar till den svenska processindustrin. Detta fr\u00e4mjar innovation inom f\u00f6retag.[\/vc_column_text][vc_btn title=&#8221;L\u00e4s mer&#8221; style=&#8221;custom&#8221; custom_background=&#8221;&#8221; custom_text=&#8221;#ffffff&#8221; shape=&#8221;square&#8221; align=&#8221;left&#8221; i_align=&#8221;right&#8221; i_icon_fontawesome=&#8221;fa fa-long-arrow-right&#8221; add_icon=&#8221;true&#8221; link=&#8221;url:http%3A%2F%2Fsip-piia.se%2Fom-piia%2Fpiia-insight%2F|&#8221;][\/vc_column_inner][\/vc_row_inner][\/vc_column][\/vc_row][vc_row][vc_column width=&#8221;1\/4&#8243;][vc_column_text]<\/p>\n<h2>Projekt<\/h2>\n<p>[\/vc_column_text][\/vc_column][vc_column width=&#8221;3\/4&#8243;][vc_row_inner equal_height=&#8221;yes&#8221; el_class=&#8221;imageblock purple&#8221;][vc_column_inner width=&#8221;1\/2&#8243;][vc_column_text]<\/p>\n<h1>PiiA Projekt<\/h1>\n<p>PiiA koordinerar finansiering f\u00f6r FUI-projekt i Sverige, och initierar \u00e4ven egna projekt. Fokus ligger p\u00e5 processindustriell IT och automation.[\/vc_column_text][vc_btn title=&#8221;L\u00e4s mer&#8221; style=&#8221;custom&#8221; custom_background=&#8221;&#8221; custom_text=&#8221;#ffffff&#8221; shape=&#8221;square&#8221; align=&#8221;left&#8221; i_align=&#8221;right&#8221; i_icon_fontawesome=&#8221;fa fa-long-arrow-right&#8221; add_icon=&#8221;true&#8221; link=&#8221;url:http%3A%2F%2Fsip-piia.se%2Fom-piia%2Fpiia-project%2F|&#8221;][\/vc_column_inner][vc_column_inner width=&#8221;1\/2&#8243;][vc_single_image image=&#8221;1454&#8243; img_size=&#8221;full&#8221; alignment=&#8221;center&#8221;][\/vc_column_inner][\/vc_row_inner][\/vc_column][\/vc_row][vc_row][vc_column width=&#8221;1\/4&#8243;][vc_column_text]<\/p>\n<h2>Innovation<\/h2>\n<p>[\/vc_column_text][\/vc_column][vc_column width=&#8221;3\/4&#8243;][vc_row_inner equal_height=&#8221;yes&#8221; el_class=&#8221;imageblock pink&#8221;][vc_column_inner width=&#8221;1\/2&#8243;][vc_single_image image=&#8221;1538&#8243; img_size=&#8221;full&#8221; alignment=&#8221;center&#8221;][\/vc_column_inner][vc_column_inner width=&#8221;1\/2&#8243;][vc_column_text]<\/p>\n<h1>PiiA Innovation<\/h1>\n<p>PiiA hj\u00e4lper den svenska processindustrin och dess IT- och automationsleverant\u00f6rer att tillgodose behovet av nya talanger genom att samordna aktiviteter inom kompetensutveckling.[\/vc_column_text][vc_btn title=&#8221;L\u00e4s mer&#8221; style=&#8221;custom&#8221; custom_background=&#8221;&#8221; custom_text=&#8221;#ffffff&#8221; shape=&#8221;square&#8221; align=&#8221;left&#8221; i_align=&#8221;right&#8221; i_icon_fontawesome=&#8221;fa fa-long-arrow-right&#8221; add_icon=&#8221;true&#8221; link=&#8221;url:http%3A%2F%2Fsip-piia.se%2Fom-piia%2Fpiia-innovation%2F|&#8221;][\/vc_column_inner][\/vc_row_inner][\/vc_column][\/vc_row][vc_row][vc_column width=&#8221;1\/4&#8243;][vc_column_text]<\/p>\n<h2>Research<\/h2>\n<p>[\/vc_column_text][\/vc_column][vc_column width=&#8221;3\/4&#8243;][vc_row_inner equal_height=&#8221;yes&#8221; el_class=&#8221;imageblock purple&#8221;][vc_column_inner width=&#8221;1\/2&#8243;][vc_column_text]<\/p>\n<h1>PiiA Research<\/h1>\n<p>PiiA fr\u00e4mjar och st\u00e4rker n\u00e4tverk mellan forskningsgrupper i Sverige som arbetar inom processindustriell IT och automation.[\/vc_column_text][vc_btn title=&#8221;L\u00e4s mer&#8221; style=&#8221;custom&#8221; custom_background=&#8221;&#8221; custom_text=&#8221;#ffffff&#8221; shape=&#8221;square&#8221; align=&#8221;left&#8221; i_align=&#8221;right&#8221; i_icon_fontawesome=&#8221;fa fa-long-arrow-right&#8221; add_icon=&#8221;true&#8221; link=&#8221;url:http%3A%2F%2Fsip-piia.se%2Fom-piia%2Fpiia-research%2F|&#8221;][\/vc_column_inner][vc_column_inner width=&#8221;1\/2&#8243;][vc_single_image image=&#8221;1547&#8243; img_size=&#8221;full&#8221; alignment=&#8221;center&#8221;][\/vc_column_inner][\/vc_row_inner][\/vc_column][\/vc_row][vc_row][vc_column width=&#8221;1\/4&#8243;][vc_column_text]<\/p>\n<h2>PiiA Summit<\/h2>\n<p>[\/vc_column_text][\/vc_column][vc_column width=&#8221;3\/4&#8243;][vc_row_inner equal_height=&#8221;yes&#8221; el_class=&#8221;imageblock pink&#8221;][vc_column_inner width=&#8221;1\/2&#8243;][vc_single_image image=&#8221;943&#8243; img_size=&#8221;full&#8221; alignment=&#8221;center&#8221;][\/vc_column_inner][vc_column_inner width=&#8221;1\/2&#8243;][vc_column_text]<\/p>\n<h1>PiiA Summit<\/h1>\n<p>PiiA Summit \u00e4r samlingspunkten f\u00f6r intressenter inom svensk processindustri. Det \u00e4r en m\u00f6tesplats f\u00f6r f\u00f6retag och forskningsparter som vill medverka till strategisk f\u00f6rnyelse inom PiiA.[\/vc_column_text][vc_btn title=&#8221;L\u00e4s mer&#8221; style=&#8221;custom&#8221; custom_background=&#8221;&#8221; custom_text=&#8221;#ffffff&#8221; shape=&#8221;square&#8221; align=&#8221;left&#8221; i_align=&#8221;right&#8221; i_icon_fontawesome=&#8221;fa fa-long-arrow-right&#8221; add_icon=&#8221;true&#8221; link=&#8221;url:http%3A%2F%2Fsip-piia.se%2Fsummit%2F|&#8221;][\/vc_column_inner][\/vc_row_inner][\/vc_column][\/vc_row][vc_row][vc_column width=&#8221;1\/4&#8243;][vc_column_text]<\/p>\n<h2>Press<\/h2>\n<p>[\/vc_column_text][\/vc_column][vc_column width=&#8221;3\/4&#8243;][vc_row_inner equal_height=&#8221;yes&#8221; el_class=&#8221;imageblock purple&#8221;][vc_column_inner width=&#8221;1\/2&#8243;][vc_column_text]<\/p>\n<h1>Press<\/h1>\n<p>H\u00e4r finns aktuell information som riktar sig till dig som \u00e4r journalister eller jobbar inom media.[\/vc_column_text][vc_btn title=&#8221;L\u00e4s mer&#8221; style=&#8221;custom&#8221; custom_background=&#8221;&#8221; custom_text=&#8221;#ffffff&#8221; shape=&#8221;square&#8221; align=&#8221;left&#8221; i_align=&#8221;right&#8221; i_icon_fontawesome=&#8221;fa fa-long-arrow-right&#8221; add_icon=&#8221;true&#8221; link=&#8221;url:http%3A%2F%2Fsip-piia.se%2Fom-piia%2Fpress%2F|&#8221;][\/vc_column_inner][vc_column_inner width=&#8221;1\/2&#8243;][vc_single_image image=&#8221;1959&#8243; img_size=&#8221;full&#8221; alignment=&#8221;center&#8221;][\/vc_column_inner][\/vc_row_inner][\/vc_column][\/vc_row]<\/p>\n<\/div>","protected":false},"excerpt":{"rendered":"<p>[vc_row][vc_column width=&#8221;1\/4&#8243;][vc_empty_space height=&#8221;1px&#8221;][\/vc_column][vc_column width=&#8221;3\/4&#8243;][vc_column_text] Industrin beh\u00f6ver bli smartare, mer resurseffektiv och arbeta med nya metoder och verktyg. Det kr\u00e4ver b\u00e5de ny teknik anpassad efter industrins behov och ny kompetens hos personalen. PiiA finns till f\u00f6r att driva omst\u00e4llningen och som en opartisk instans se till att testa nya metoder f\u00f6r att hitta nya best practice [&hellip;]<\/p>\n","protected":false},"author":10,"featured_media":0,"parent":0,"menu_order":0,"comment_status":"closed","ping_status":"closed","template":"","meta":{"_genesis_hide_title":false,"_genesis_hide_breadcrumbs":false,"_genesis_hide_singular_image":false,"_genesis_hide_footer_widgets":false,"_genesis_custom_body_class":"","_genesis_custom_post_class":"","_genesis_layout":"","footnotes":""},"class_list":{"0":"post-175","1":"page","2":"type-page","3":"status-publish","5":"entry","6":"has-post-thumbnail"},"_links":{"self":[{"href":"https:\/\/sip-piia.se\/en\/wp-json\/wp\/v2\/pages\/175","targetHints":{"allow":["GET"]}}],"collection":[{"href":"https:\/\/sip-piia.se\/en\/wp-json\/wp\/v2\/pages"}],"about":[{"href":"https:\/\/sip-piia.se\/en\/wp-json\/wp\/v2\/types\/page"}],"author":[{"embeddable":true,"href":"https:\/\/sip-piia.se\/en\/wp-json\/wp\/v2\/users\/10"}],"replies":[{"embeddable":true,"href":"https:\/\/sip-piia.se\/en\/wp-json\/wp\/v2\/comments?post=175"}],"version-history":[{"count":8,"href":"https:\/\/sip-piia.se\/en\/wp-json\/wp\/v2\/pages\/175\/revisions"}],"predecessor-version":[{"id":7681,"href":"https:\/\/sip-piia.se\/en\/wp-json\/wp\/v2\/pages\/175\/revisions\/7681"}],"wp:attachment":[{"href":"https:\/\/sip-piia.se\/en\/wp-json\/wp\/v2\/media?parent=175"}],"curies":[{"name":"wp","href":"https:\/\/api.w.org\/{rel}","templated":true}]}}